{"id":33157,"date":"2021-11-23T17:24:24","date_gmt":"2021-11-23T16:24:24","guid":{"rendered":"https:\/\/www.bodegasprotos.com\/?page_id=33157"},"modified":"2023-11-23T12:24:25","modified_gmt":"2023-11-23T11:24:25","slug":"canal-de-denuncias","status":"publish","type":"page","link":"https:\/\/www.bodegasprotos.com\/es\/canal-de-denuncias\/","title":{"rendered":"Canal de Denuncias"},"content":{"rendered":"<h1>Canal de Denuncias<\/h1>\n<h3><strong>ESCRITO DE COMUNICACI\u00d3N DE HECHOS DENUNCIABLES A TRAVES DEL CANAL DE DENUNCIAS<\/strong><\/h3>\n<p><strong><em><u>\u00bfQu\u00e9 es el Canal de denuncias del Programa de Prevenci\u00f3n de Delitos Penales de <\/u><\/em><\/strong><strong><em><u>PROTOS BODEGA RIBERA DUERO DE PE\u00d1AFIEL SL, y su filial BODEGAS PROTOS S.L.U.?<\/u><\/em><\/strong><\/p>\n<p style=\"padding-left: 40px;\">A trav\u00e9s del Canal de Denuncias del Programa de Prevenci\u00f3n de Delitos Penales (Compliance) online ponemos a su disposici\u00f3n una plataforma de comunicaci\u00f3n a trav\u00e9s de la cual podr\u00e1 informar de los incumplimientos del C\u00f3digo de Conducta del PROTOS BODEGA RIBERA DUERO DE PE\u00d1AFIEL, S.L y su filial (en adelante \u201cPROTOS\u201d) en cualquier momento.<\/p>\n<p><strong><em><u>\u00bfQu\u00e9 es un incumplimiento del Programa de Prevenci\u00f3n de Delitos Penales?<\/u><\/em><\/strong><\/p>\n<p style=\"padding-left: 40px;\">Un incumplimiento del Programa de Prevenci\u00f3n de Delitos Penales (Compliance) se produce cuando hay un incumplimiento de la normativa legal o interna ya sea dentro o fuera del territorio nacional por uno de nuestros empleados o contra \u00e9l.<\/p>\n<p style=\"padding-left: 40px;\">Entre algunos ejemplos podemos citar, corrupci\u00f3n mediante recepci\u00f3n de regalos, delitos contra los derechos de los trabajadores, delitos contra el medio ambiente, delitos tecnol\u00f3gicos o delitos econ\u00f3micos., financieros y contables.<\/p>\n<p><strong><em><u>\u00bfC\u00f3mo funciona el canal de Denuncias?<\/u><\/em><\/strong><\/p>\n<p style=\"padding-left: 40px;\">Con el fin de garantizar una neutralidad e independencia en la tramitaci\u00f3n de las denuncias \u201cPROTOS\u201d tiene externalizados con NEGOTIA ABOGADOS Y ASESORES S.L.P. la gesti\u00f3n del canal de denuncias<\/p>\n<p style=\"padding-left: 40px;\">La gesti\u00f3n del canal de denuncias ser\u00e1 externa, correspondi\u00e9ndole a NEGOTIA ABOGADOS Y ASESORES S.L.P. la investigaci\u00f3n de las mismas, como despacho asesor del Grupo, el cual deber\u00e1 proponer de adopci\u00f3n de medidas preventivas y cautelares y elaborar\u00e1 un informe que ser\u00e1 elevado al Comit\u00e9 de Cumplimiento Normativo, para la proposici\u00f3n final al CONSEJO DE ADMINISTRACION.<\/p>\n<p style=\"padding-left: 40px;\">En todos los casos, la decisi\u00f3n sobre la resoluci\u00f3n de la denuncia y las medidas a adoptar deber\u00e1 ser tomada por el COMIT\u00c9 DE CUMPLIMIENTO NORMATIVO DE PROTOS BODEGA RIBERA DUERO DE PE\u00d1AFIEL, S.L.\u00a0 y su filial.<\/p>\n<p style=\"padding-left: 40px;\">Todas las denuncias que se reciban deben ser investigadas adecuadamente y resueltas por el \u00f3rgano designado por la empresa.<\/p>\n<p style=\"padding-left: 40px;\">Finalizada la investigaci\u00f3n y resuelta la incidencia, la persona que realiz\u00f3 la denuncia ser\u00e1 informada del resultado y se le comunicar\u00e1n los t\u00e9rminos de la resoluci\u00f3n adoptada.<\/p>\n<p><strong><em><u>\u00bfQu\u00e9 ocurre con las denuncias?<\/u><\/em><\/strong><\/p>\n<p style=\"padding-left: 40px;\">El canal de denuncias del PROTOS BODEGA RIBERA DUERO DE PE\u00d1AFIEL, S.L, y su filial se articula sobre los siguientes principios:<\/p>\n<p style=\"padding-left: 40px;\"><strong>Confidencialidad<\/strong>: la confidencialidad del denunciante ser\u00e1 observada en todo momento, salvo que dicha informaci\u00f3n sea requerida por autoridad competente, judicial o administrativa, en cuyo caso \u201cPROTOS\u201d se ver\u00e1 obligada a ceder dicha informaci\u00f3n al \u00f3rgano requirente.<\/p>\n<p style=\"padding-left: 40px;\">La identidad del denunciante, as\u00ed como los datos que comunique en referencia a una actuaci\u00f3n irregular a trav\u00e9s de este canal, tendr\u00e1n la consideraci\u00f3n de informaci\u00f3n confidencial, y, por tanto, no podr\u00e1 ser comunicada sin su consentimiento expreso al denunciado, estando obligados los receptores y gestores de este a guardar sigilo profesional.<\/p>\n<p style=\"padding-left: 40px;\"><strong>Investigaci\u00f3n<\/strong> de todas las denuncias: todas las denuncias, sin excepciones, ser\u00e1n investigadas hasta el final y si el resultado determinar\u00e1 que se est\u00e1n produciendo comportamientos irregulares, \u00e9stos tengan consecuencias para el infractor.<\/p>\n<p style=\"padding-left: 40px;\"><strong>No sanci\u00f3n de ning\u00fan tipo para el denunciante<\/strong>: el empleado o tercero que utilice este canal no ser\u00e1 sancionado ni sufrir\u00e1 perjuicio alguno, ni discriminaci\u00f3n por el mero hecho de denunciar una conducta il\u00edcita, siempre y cuando actu\u00e9 de buena fe.<\/p>\n<p style=\"padding-left: 40px;\"><strong>Acceso sencillo y diverso: las comunicaciones<\/strong> al canal de denuncias se podr\u00e1n hacer de diversas formas, bien por correo electr\u00f3nico rellenando el siguiente formulario.<\/p>\n<p><strong>Este escrito se dirige al CANAL DE DENUNCIAS DE LA EMPRESA PROTOS BODEGA RIBERA DUERO DE PE\u00d1AFIEL, S.L, y su filial, BODEGAS PROTOS S.L. al objeto formular la correspondiente denuncia, para que se investiguen los hechos y se adopten las medidas oportunas para el cese de los mismos y en su caso sanci\u00f3n al denunciado.<\/strong><\/p>\n<p>Si usted desea hacerlo por correo ordinario env\u00ede su denuncia a<\/p>\n<ul>\n<li>RESPONSABLE DEL SISTEMA INTERNO DE INFORMACION<\/li>\n<li>Calle Bodegas Protos, 24-28, 47300 Pe\u00f1afiel, Valladolid<\/li>\n<\/ul>\n<p><a href=\"https:\/\/www.bodegasprotos.com\/es\/formulario-del-canal-de-denuncias\/\" target=\"_blank\" rel=\"noopener\"><strong><em><u>\u00a0ACCESO AL FORMULARIO DEL CANAL DE DENUNCIAS<\/u><\/em><\/strong><\/a><br \/>\n<!--\n<strong><u>Datos del Denunciante<\/u><\/strong>\n\n<span style=\"color: #ff0000;\"><strong><u>Si usted desea permanecer en el anonimato\u00a0 no rellene estos datos<\/u><\/strong><\/span>\n\n<strong>\u00a0<\/strong>\n\n[contact-form-7 id=\"33192\" title=\"Formulario CANAL DENUNCIAS\"]\n--><br \/>\n<em>PROTOS BODEGA RIBERA DUERO DE PE\u00d1AFIEL, S.L. es el responsable del tratamiento de los datos personales del Interesado\u00a0y le informa de que estos datos se tratar\u00e1n de conformidad con lo dispuesto en el Reglamento (UE) 2016\/679, de 27 de abril\u00a0(GDPR), y la Ley Org\u00e1nica 3\/2018, de 5 de diciembre\u00a0(LOPDGDD), por lo que se le facilita la\u00a0siguiente informaci\u00f3n del tratamiento: <\/em><\/p>\n<p><strong><em>Fines y legitimaci\u00f3n del tratamiento:<\/em><\/strong><em>\u00a0 Gesti\u00f3n del canal de denuncias habilitado por el responsable. Legitimaci\u00f3n: El tratamiento es necesario para el cumplimiento de una misi\u00f3n realizada en inter\u00e9s p\u00fablico o en el ejercicio de poderes p\u00fablicos conferidos al responsable del tratamiento;\u00a0(GDPR,\u00a0art.\u00a06.1.e).<\/em><\/p>\n<p><strong><em>Criterios de conservaci\u00f3n de los datos:<\/em><\/strong><em>\u00a0se conservar\u00e1n durante no m\u00e1s tiempo del necesario para mantener el fin del tratamiento o mientras existan prescripciones legales que dictaminen su custodia y cuando ya no sea necesario para ello, se suprimir\u00e1n con medidas de seguridad adecuadas para garantizar la\u00a0anonimizaci\u00f3n\u00a0de los datos o la destrucci\u00f3n total de los mismos. <\/em><\/p>\n<p><strong><em>Comunicaci\u00f3n de\u00a0los datos: <\/em><\/strong>los datos ser\u00e1n comunicados a Negotia, como entidad gestora del canal, y no se comunicar\u00e1n los datos a ning\u00fan otro tercero, salvo obligaci\u00f3n legal<em>.<\/em><\/p>\n<p><strong><em>Derechos que asisten al Interesado:<\/em><\/strong><\/p>\n<p><em>&#8211; Derecho de acceso, rectificaci\u00f3n, portabilidad y supresi\u00f3n de sus datos y de limitaci\u00f3n u oposici\u00f3n a su tratamiento.<\/em><\/p>\n<p><em>&#8211; Derecho a presentar una reclamaci\u00f3n ante la Autoridad de control (<\/em><a href=\"http:\/\/www.aepd.es\/\"><em>www.aepd.es<\/em><\/a><em>) si\u00a0considera que el tratamiento no se ajusta a la normativa vigente.<\/em><\/p>\n<p><strong><em>Datos de contacto para ejercer sus derechos:<\/em><\/strong><\/p>\n<p><em>PROTOS BODEGA RIBERA DUERO DE PE\u00d1AFIEL, S.L. SL. CALLE BODEGAS PROTOS 24-28, 47300 PE\u00d1AFIEL (Valladolid). E-mail: <\/em><em>lopd@bodegasprotos.com<\/em><\/p>\n","protected":false},"excerpt":{"rendered":"<p>Canal de Denuncias ESCRITO DE COMUNICACI\u00d3N DE HECHOS DENUNCIABLES A TRAVES DEL CANAL DE DENUNCIAS \u00bfQu\u00e9 es el&#8230;<\/p>\n","protected":false},"author":1,"featured_media":0,"parent":0,"menu_order":-5,"comment_status":"closed","ping_status":"closed","template":"","meta":{"_acf_changed":false,"footnotes":""},"class_list":["post-33157","page","type-page","status-publish","hentry"],"acf":[],"yoast_head":"<!-- This site is optimized with the Yoast SEO plugin v27.4 - https:\/\/yoast.com\/product\/yoast-seo-wordpress\/ -->\n<title>Canal de Denuncias - Bodegas Protos<\/title>\n<meta name=\"description\" content=\"Canal de Denuncias ESCRITO DE COMUNICACI\u00d3N DE HECHOS DENUNCIABLES A TRAVES DEL CANAL DE DENUNCIAS \u00bfQu\u00e9 es el Canal de denuncias del Programa de Prevenci\u00f3n\" \/>\n<meta name=\"robots\" content=\"noindex, follow\" \/>\n<meta property=\"og:locale\" content=\"es_ES\" \/>\n<meta property=\"og:type\" content=\"article\" \/>\n<meta property=\"og:title\" content=\"Canal de Denuncias - Bodegas Protos\" \/>\n<meta property=\"og:description\" content=\"Canal de Denuncias ESCRITO DE COMUNICACI\u00d3N DE HECHOS DENUNCIABLES A TRAVES DEL CANAL DE DENUNCIAS \u00bfQu\u00e9 es el Canal de denuncias del Programa de Prevenci\u00f3n\" \/>\n<meta property=\"og:url\" content=\"https:\/\/www.bodegasprotos.com\/es\/canal-de-denuncias\/\" \/>\n<meta property=\"og:site_name\" content=\"Bodegas Protos\" \/>\n<meta property=\"article:publisher\" content=\"https:\/\/www.facebook.com\/BodegasProtos\" \/>\n<meta property=\"article:modified_time\" content=\"2023-11-23T11:24:25+00:00\" \/>\n<meta name=\"twitter:card\" content=\"summary_large_image\" \/>\n<meta name=\"twitter:site\" content=\"@Bodegas_Protos\" \/>\n<meta name=\"twitter:label1\" content=\"Tiempo de lectura\" \/>\n\t<meta name=\"twitter:data1\" content=\"5 minutos\" \/>\n<script type=\"application\/ld+json\" class=\"yoast-schema-graph\">{\"@context\":\"https:\\\/\\\/schema.org\",\"@graph\":[{\"@type\":\"WebPage\",\"@id\":\"https:\\\/\\\/www.bodegasprotos.com\\\/es\\\/canal-de-denuncias\\\/\",\"url\":\"https:\\\/\\\/www.bodegasprotos.com\\\/es\\\/canal-de-denuncias\\\/\",\"name\":\"Canal de Denuncias - Bodegas Protos\",\"isPartOf\":{\"@id\":\"https:\\\/\\\/www.bodegasprotos.com\\\/es\\\/#website\"},\"datePublished\":\"2021-11-23T16:24:24+00:00\",\"dateModified\":\"2023-11-23T11:24:25+00:00\",\"description\":\"Canal de Denuncias ESCRITO DE COMUNICACI\u00d3N DE HECHOS DENUNCIABLES A TRAVES DEL CANAL DE DENUNCIAS \u00bfQu\u00e9 es el Canal de denuncias del Programa de Prevenci\u00f3n\",\"breadcrumb\":{\"@id\":\"https:\\\/\\\/www.bodegasprotos.com\\\/es\\\/canal-de-denuncias\\\/#breadcrumb\"},\"inLanguage\":\"es\",\"potentialAction\":[{\"@type\":\"ReadAction\",\"target\":[\"https:\\\/\\\/www.bodegasprotos.com\\\/es\\\/canal-de-denuncias\\\/\"]}]},{\"@type\":\"BreadcrumbList\",\"@id\":\"https:\\\/\\\/www.bodegasprotos.com\\\/es\\\/canal-de-denuncias\\\/#breadcrumb\",\"itemListElement\":[{\"@type\":\"ListItem\",\"position\":1,\"name\":\"Portada\",\"item\":\"https:\\\/\\\/www.bodegasprotos.com\\\/es\\\/\"},{\"@type\":\"ListItem\",\"position\":2,\"name\":\"Canal de Denuncias\"}]},{\"@type\":\"WebSite\",\"@id\":\"https:\\\/\\\/www.bodegasprotos.com\\\/es\\\/#website\",\"url\":\"https:\\\/\\\/www.bodegasprotos.com\\\/es\\\/\",\"name\":\"Bodegas Protos\",\"description\":\"Vinos de la Denominaci\u00f3n de Origen Ribera del Duero, Rueda y Cigales\",\"publisher\":{\"@id\":\"https:\\\/\\\/www.bodegasprotos.com\\\/es\\\/#organization\"},\"potentialAction\":[{\"@type\":\"SearchAction\",\"target\":{\"@type\":\"EntryPoint\",\"urlTemplate\":\"https:\\\/\\\/www.bodegasprotos.com\\\/es\\\/?s={search_term_string}\"},\"query-input\":{\"@type\":\"PropertyValueSpecification\",\"valueRequired\":true,\"valueName\":\"search_term_string\"}}],\"inLanguage\":\"es\"},{\"@type\":\"Organization\",\"@id\":\"https:\\\/\\\/www.bodegasprotos.com\\\/es\\\/#organization\",\"name\":\"Bodegas Protos\",\"url\":\"https:\\\/\\\/www.bodegasprotos.com\\\/es\\\/\",\"logo\":{\"@type\":\"ImageObject\",\"inLanguage\":\"es\",\"@id\":\"https:\\\/\\\/www.bodegasprotos.com\\\/es\\\/#\\\/schema\\\/logo\\\/image\\\/\",\"url\":\"https:\\\/\\\/www.bodegasprotos.com\\\/wp-content\\\/uploads\\\/2024\\\/06\\\/PROTOS-LOGOS-VERSIONES-13.png\",\"contentUrl\":\"https:\\\/\\\/www.bodegasprotos.com\\\/wp-content\\\/uploads\\\/2024\\\/06\\\/PROTOS-LOGOS-VERSIONES-13.png\",\"width\":2362,\"height\":2362,\"caption\":\"Bodegas Protos\"},\"image\":{\"@id\":\"https:\\\/\\\/www.bodegasprotos.com\\\/es\\\/#\\\/schema\\\/logo\\\/image\\\/\"},\"sameAs\":[\"https:\\\/\\\/www.facebook.com\\\/BodegasProtos\",\"https:\\\/\\\/x.com\\\/Bodegas_Protos\",\"https:\\\/\\\/www.instagram.com\\\/bodegasprotosoficial\\\/\",\"https:\\\/\\\/www.linkedin.com\\\/company\\\/bodegasprotos\\\/\",\"https:\\\/\\\/pinterest.com\\\/BodegasProtos\\\/\",\"http:\\\/\\\/www.youtube.com\\\/user\\\/BodegasProtos\",\"https:\\\/\\\/es.wikipedia.org\\\/wiki\\\/Bodegas_Protos\"]}]}<\/script>\n<!-- \/ Yoast SEO plugin. -->","yoast_head_json":{"title":"Canal de Denuncias - Bodegas Protos","description":"Canal de Denuncias ESCRITO DE COMUNICACI\u00d3N DE HECHOS DENUNCIABLES A TRAVES DEL CANAL DE DENUNCIAS \u00bfQu\u00e9 es el Canal de denuncias del Programa de Prevenci\u00f3n","robots":{"index":"noindex","follow":"follow"},"og_locale":"es_ES","og_type":"article","og_title":"Canal de Denuncias - Bodegas Protos","og_description":"Canal de Denuncias ESCRITO DE COMUNICACI\u00d3N DE HECHOS DENUNCIABLES A TRAVES DEL CANAL DE DENUNCIAS \u00bfQu\u00e9 es el Canal de denuncias del Programa de Prevenci\u00f3n","og_url":"https:\/\/www.bodegasprotos.com\/es\/canal-de-denuncias\/","og_site_name":"Bodegas Protos","article_publisher":"https:\/\/www.facebook.com\/BodegasProtos","article_modified_time":"2023-11-23T11:24:25+00:00","twitter_card":"summary_large_image","twitter_site":"@Bodegas_Protos","twitter_misc":{"Tiempo de lectura":"5 minutos"},"schema":{"@context":"https:\/\/schema.org","@graph":[{"@type":"WebPage","@id":"https:\/\/www.bodegasprotos.com\/es\/canal-de-denuncias\/","url":"https:\/\/www.bodegasprotos.com\/es\/canal-de-denuncias\/","name":"Canal de Denuncias - Bodegas Protos","isPartOf":{"@id":"https:\/\/www.bodegasprotos.com\/es\/#website"},"datePublished":"2021-11-23T16:24:24+00:00","dateModified":"2023-11-23T11:24:25+00:00","description":"Canal de Denuncias ESCRITO DE COMUNICACI\u00d3N DE HECHOS DENUNCIABLES A TRAVES DEL CANAL DE DENUNCIAS \u00bfQu\u00e9 es el Canal de denuncias del Programa de Prevenci\u00f3n","breadcrumb":{"@id":"https:\/\/www.bodegasprotos.com\/es\/canal-de-denuncias\/#breadcrumb"},"inLanguage":"es","potentialAction":[{"@type":"ReadAction","target":["https:\/\/www.bodegasprotos.com\/es\/canal-de-denuncias\/"]}]},{"@type":"BreadcrumbList","@id":"https:\/\/www.bodegasprotos.com\/es\/canal-de-denuncias\/#breadcrumb","itemListElement":[{"@type":"ListItem","position":1,"name":"Portada","item":"https:\/\/www.bodegasprotos.com\/es\/"},{"@type":"ListItem","position":2,"name":"Canal de Denuncias"}]},{"@type":"WebSite","@id":"https:\/\/www.bodegasprotos.com\/es\/#website","url":"https:\/\/www.bodegasprotos.com\/es\/","name":"Bodegas Protos","description":"Vinos de la Denominaci\u00f3n de Origen Ribera del Duero, Rueda y Cigales","publisher":{"@id":"https:\/\/www.bodegasprotos.com\/es\/#organization"},"potentialAction":[{"@type":"SearchAction","target":{"@type":"EntryPoint","urlTemplate":"https:\/\/www.bodegasprotos.com\/es\/?s={search_term_string}"},"query-input":{"@type":"PropertyValueSpecification","valueRequired":true,"valueName":"search_term_string"}}],"inLanguage":"es"},{"@type":"Organization","@id":"https:\/\/www.bodegasprotos.com\/es\/#organization","name":"Bodegas Protos","url":"https:\/\/www.bodegasprotos.com\/es\/","logo":{"@type":"ImageObject","inLanguage":"es","@id":"https:\/\/www.bodegasprotos.com\/es\/#\/schema\/logo\/image\/","url":"https:\/\/www.bodegasprotos.com\/wp-content\/uploads\/2024\/06\/PROTOS-LOGOS-VERSIONES-13.png","contentUrl":"https:\/\/www.bodegasprotos.com\/wp-content\/uploads\/2024\/06\/PROTOS-LOGOS-VERSIONES-13.png","width":2362,"height":2362,"caption":"Bodegas Protos"},"image":{"@id":"https:\/\/www.bodegasprotos.com\/es\/#\/schema\/logo\/image\/"},"sameAs":["https:\/\/www.facebook.com\/BodegasProtos","https:\/\/x.com\/Bodegas_Protos","https:\/\/www.instagram.com\/bodegasprotosoficial\/","https:\/\/www.linkedin.com\/company\/bodegasprotos\/","https:\/\/pinterest.com\/BodegasProtos\/","http:\/\/www.youtube.com\/user\/BodegasProtos","https:\/\/es.wikipedia.org\/wiki\/Bodegas_Protos"]}]}},"_links":{"self":[{"href":"https:\/\/www.bodegasprotos.com\/es\/wp-json\/wp\/v2\/pages\/33157","targetHints":{"allow":["GET"]}}],"collection":[{"href":"https:\/\/www.bodegasprotos.com\/es\/wp-json\/wp\/v2\/pages"}],"about":[{"href":"https:\/\/www.bodegasprotos.com\/es\/wp-json\/wp\/v2\/types\/page"}],"author":[{"embeddable":true,"href":"https:\/\/www.bodegasprotos.com\/es\/wp-json\/wp\/v2\/users\/1"}],"replies":[{"embeddable":true,"href":"https:\/\/www.bodegasprotos.com\/es\/wp-json\/wp\/v2\/comments?post=33157"}],"version-history":[{"count":0,"href":"https:\/\/www.bodegasprotos.com\/es\/wp-json\/wp\/v2\/pages\/33157\/revisions"}],"wp:attachment":[{"href":"https:\/\/www.bodegasprotos.com\/es\/wp-json\/wp\/v2\/media?parent=33157"}],"curies":[{"name":"wp","href":"https:\/\/api.w.org\/{rel}","templated":true}]}}