{"id":29400,"date":"2020-06-16T13:18:35","date_gmt":"2020-06-16T11:18:35","guid":{"rendered":"https:\/\/www.bodegasprotos.com\/?page_id=29400"},"modified":"2021-08-23T14:54:08","modified_gmt":"2021-08-23T12:54:08","slug":"proyectos-financiados","status":"publish","type":"page","link":"https:\/\/www.bodegasprotos.com\/es\/proyectos-financiados\/","title":{"rendered":"Proyectos Financiados"},"content":{"rendered":"<h2>Creaci\u00f3n de un sistema de mejora continua en el departamento de mantenimiento.<\/h2>\n<p>PROYECTO LEAN MANUFACTURING &#8211; EXPEDIENTE N\u00ba: 2021\/LEAN\/06 con t\u00edtulo \u00abCreaci\u00f3n de un sistema de mejora continua en el departamento de mantenimiento.\u00bb<\/p>\n<p>Financiado por la Consejer\u00eda de Empleo e Industria de la Junta de Castilla y Le\u00f3n<\/p>\n<p><img decoding=\"async\" class=\"wp-image-29401 alignnone\" src=\"https:\/\/www.bodegasprotos.com\/wp-content\/uploads\/2020\/06\/junta-de-castilla-y-leon-300x185.jpg\" alt=\"Junta de Castilla y Le\u00f3n\" width=\"121\" height=\"75\" srcset=\"https:\/\/www.bodegasprotos.com\/wp-content\/uploads\/2020\/06\/junta-de-castilla-y-leon-300x185.jpg 300w, https:\/\/www.bodegasprotos.com\/wp-content\/uploads\/2020\/06\/junta-de-castilla-y-leon.jpg 398w\" sizes=\"(max-width: 121px) 100vw, 121px\" \/><\/p>\n<p>&nbsp;<\/p>\n<hr \/>\n<h2>Nuevas estrategias para la mejora del comportamiento en boca para vinos de Ribera del Duero, por medio del uso de levaduras aut\u00f3ctonas<\/h2>\n<p>El proyecto \u201cNuevas estrategias para la mejora del comportamiento en boca para vinos de Ribera del Duero, por medio del uso de levaduras aut\u00f3ctonas\u201d con n\u00famero de Expediente 04\/16\/VA\/0083, ha sido financiado Proyecto financiado por el Fondo Europeo de Desarrollo Regional (FEDER) de la Uni\u00f3n Europea y la Junta de Castilla y Le\u00f3n, a trav\u00e9s del Instituto para la Competitividad Empresarial de Castilla y Le\u00f3n (ICE), con el objetivo de potenciar la investigaci\u00f3n, el desarrollo tecnol\u00f3gico y la innovaci\u00f3n. El proyecto se ha ejecutado durante el periodo del 1 de enero de 2018 y el 31 de julio de 2019. El proyecto ha permitido una mejora en las caracter\u00edsticas de los vinos gracias al uso de levaduras aut\u00f3ctonas.<\/p>\n<p><img decoding=\"async\" class=\"wp-image-29401 alignleft\" src=\"https:\/\/www.bodegasprotos.com\/wp-content\/uploads\/2020\/06\/junta-de-castilla-y-leon-300x185.jpg\" alt=\"Junta de Castilla y Le\u00f3n\" width=\"121\" height=\"75\" srcset=\"https:\/\/www.bodegasprotos.com\/wp-content\/uploads\/2020\/06\/junta-de-castilla-y-leon-300x185.jpg 300w, https:\/\/www.bodegasprotos.com\/wp-content\/uploads\/2020\/06\/junta-de-castilla-y-leon.jpg 398w\" sizes=\"(max-width: 121px) 100vw, 121px\" \/><\/p>\n<p><img decoding=\"async\" class=\"wp-image-29410 alignleft\" src=\"https:\/\/www.bodegasprotos.com\/wp-content\/uploads\/2020\/06\/Competitividad-Empresarial-300x111.jpg\" alt=\"Competitividad Empresarial\" width=\"189\" height=\"70\" srcset=\"https:\/\/www.bodegasprotos.com\/wp-content\/uploads\/2020\/06\/Competitividad-Empresarial-300x111.jpg 300w, https:\/\/www.bodegasprotos.com\/wp-content\/uploads\/2020\/06\/Competitividad-Empresarial.jpg 410w\" sizes=\"(max-width: 189px) 100vw, 189px\" \/><\/p>\n<p><img loading=\"lazy\" decoding=\"async\" class=\"wp-image-29417 alignleft\" src=\"https:\/\/www.bodegasprotos.com\/wp-content\/uploads\/2020\/06\/fondo-Europeo-de-desarrollo-regional-300x138.jpg\" alt=\"\" width=\"230\" height=\"106\" srcset=\"https:\/\/www.bodegasprotos.com\/wp-content\/uploads\/2020\/06\/fondo-Europeo-de-desarrollo-regional-300x138.jpg 300w, https:\/\/www.bodegasprotos.com\/wp-content\/uploads\/2020\/06\/fondo-Europeo-de-desarrollo-regional.jpg 343w\" sizes=\"(max-width: 230px) 100vw, 230px\" \/><\/p>\n<p><img loading=\"lazy\" decoding=\"async\" class=\"wp-image-29425 alignleft\" src=\"https:\/\/www.bodegasprotos.com\/wp-content\/uploads\/2020\/06\/Union-Europea.jpg\" alt=\"Uni\u00f3n Europea\" width=\"105\" height=\"82\" \/><\/p>\n<p><img loading=\"lazy\" decoding=\"async\" class=\"wp-image-29432 alignleft\" src=\"https:\/\/www.bodegasprotos.com\/wp-content\/uploads\/2020\/06\/Europa-impulsa-nuestro-crecimiento-300x73.jpg\" alt=\"Europa impulsa nuestro crecimiento\" width=\"251\" height=\"61\" srcset=\"https:\/\/www.bodegasprotos.com\/wp-content\/uploads\/2020\/06\/Europa-impulsa-nuestro-crecimiento-300x73.jpg 300w, https:\/\/www.bodegasprotos.com\/wp-content\/uploads\/2020\/06\/Europa-impulsa-nuestro-crecimiento.jpg 450w\" sizes=\"(max-width: 251px) 100vw, 251px\" \/><\/p>\n","protected":false},"excerpt":{"rendered":"<p>Creaci\u00f3n de un sistema de mejora continua en el departamento de mantenimiento. PROYECTO LEAN MANUFACTURING &#8211; EXPEDIENTE N\u00ba:&#8230;<\/p>\n","protected":false},"author":1,"featured_media":0,"parent":0,"menu_order":0,"comment_status":"closed","ping_status":"closed","template":"","meta":{"_acf_changed":false,"footnotes":""},"class_list":["post-29400","page","type-page","status-publish","hentry"],"acf":[],"yoast_head":"<!-- This site is optimized with the Yoast SEO plugin v27.6 - https:\/\/yoast.com\/product\/yoast-seo-wordpress\/ -->\n<title>Proyectos Financiados - Bodegas Protos<\/title>\n<meta name=\"description\" content=\"Creaci\u00f3n de un sistema de mejora continua en el departamento de mantenimiento. PROYECTO LEAN MANUFACTURING - EXPEDIENTE N\u00ba: 2021\/LEAN\/06 con t\u00edtulo\" \/>\n<meta name=\"robots\" content=\"index, follow, max-snippet:-1, max-image-preview:large, max-video-preview:-1\" \/>\n<link rel=\"canonical\" href=\"https:\/\/www.bodegasprotos.com\/es\/proyectos-financiados\/\" \/>\n<meta property=\"og:locale\" content=\"es_ES\" \/>\n<meta property=\"og:type\" content=\"article\" \/>\n<meta property=\"og:title\" content=\"Proyectos Financiados - Bodegas Protos\" \/>\n<meta property=\"og:description\" content=\"Creaci\u00f3n de un sistema de mejora continua en el departamento de mantenimiento. PROYECTO LEAN MANUFACTURING - EXPEDIENTE N\u00ba: 2021\/LEAN\/06 con t\u00edtulo\" \/>\n<meta property=\"og:url\" content=\"https:\/\/www.bodegasprotos.com\/es\/proyectos-financiados\/\" \/>\n<meta property=\"og:site_name\" content=\"Bodegas Protos\" \/>\n<meta property=\"article:publisher\" content=\"https:\/\/www.facebook.com\/BodegasProtos\" \/>\n<meta property=\"article:modified_time\" content=\"2021-08-23T12:54:08+00:00\" \/>\n<meta property=\"og:image\" content=\"https:\/\/www.bodegasprotos.com\/wp-content\/uploads\/2020\/06\/junta-de-castilla-y-leon-300x185.jpg\" \/>\n<meta name=\"twitter:card\" content=\"summary_large_image\" \/>\n<meta name=\"twitter:site\" content=\"@Bodegas_Protos\" \/>\n<meta name=\"twitter:label1\" content=\"Tiempo de lectura\" \/>\n\t<meta name=\"twitter:data1\" content=\"3 minutos\" \/>\n<script type=\"application\/ld+json\" class=\"yoast-schema-graph\">{\"@context\":\"https:\\\/\\\/schema.org\",\"@graph\":[{\"@type\":\"WebPage\",\"@id\":\"https:\\\/\\\/www.bodegasprotos.com\\\/es\\\/proyectos-financiados\\\/\",\"url\":\"https:\\\/\\\/www.bodegasprotos.com\\\/es\\\/proyectos-financiados\\\/\",\"name\":\"Proyectos Financiados - Bodegas Protos\",\"isPartOf\":{\"@id\":\"https:\\\/\\\/www.bodegasprotos.com\\\/es\\\/#website\"},\"primaryImageOfPage\":{\"@id\":\"https:\\\/\\\/www.bodegasprotos.com\\\/es\\\/proyectos-financiados\\\/#primaryimage\"},\"image\":{\"@id\":\"https:\\\/\\\/www.bodegasprotos.com\\\/es\\\/proyectos-financiados\\\/#primaryimage\"},\"thumbnailUrl\":\"https:\\\/\\\/www.bodegasprotos.com\\\/wp-content\\\/uploads\\\/2020\\\/06\\\/junta-de-castilla-y-leon-300x185.jpg\",\"datePublished\":\"2020-06-16T11:18:35+00:00\",\"dateModified\":\"2021-08-23T12:54:08+00:00\",\"description\":\"Creaci\u00f3n de un sistema de mejora continua en el departamento de mantenimiento. PROYECTO LEAN MANUFACTURING - EXPEDIENTE N\u00ba: 2021\\\/LEAN\\\/06 con t\u00edtulo\",\"breadcrumb\":{\"@id\":\"https:\\\/\\\/www.bodegasprotos.com\\\/es\\\/proyectos-financiados\\\/#breadcrumb\"},\"inLanguage\":\"es\",\"potentialAction\":[{\"@type\":\"ReadAction\",\"target\":[\"https:\\\/\\\/www.bodegasprotos.com\\\/es\\\/proyectos-financiados\\\/\"]}]},{\"@type\":\"ImageObject\",\"inLanguage\":\"es\",\"@id\":\"https:\\\/\\\/www.bodegasprotos.com\\\/es\\\/proyectos-financiados\\\/#primaryimage\",\"url\":\"https:\\\/\\\/www.bodegasprotos.com\\\/wp-content\\\/uploads\\\/2020\\\/06\\\/junta-de-castilla-y-leon-300x185.jpg\",\"contentUrl\":\"https:\\\/\\\/www.bodegasprotos.com\\\/wp-content\\\/uploads\\\/2020\\\/06\\\/junta-de-castilla-y-leon-300x185.jpg\"},{\"@type\":\"BreadcrumbList\",\"@id\":\"https:\\\/\\\/www.bodegasprotos.com\\\/es\\\/proyectos-financiados\\\/#breadcrumb\",\"itemListElement\":[{\"@type\":\"ListItem\",\"position\":1,\"name\":\"Portada\",\"item\":\"https:\\\/\\\/www.bodegasprotos.com\\\/es\\\/\"},{\"@type\":\"ListItem\",\"position\":2,\"name\":\"Proyectos Financiados\"}]},{\"@type\":\"WebSite\",\"@id\":\"https:\\\/\\\/www.bodegasprotos.com\\\/es\\\/#website\",\"url\":\"https:\\\/\\\/www.bodegasprotos.com\\\/es\\\/\",\"name\":\"Bodegas Protos\",\"description\":\"Vinos de la Denominaci\u00f3n de Origen Ribera del Duero, Rueda y Cigales\",\"publisher\":{\"@id\":\"https:\\\/\\\/www.bodegasprotos.com\\\/es\\\/#organization\"},\"potentialAction\":[{\"@type\":\"SearchAction\",\"target\":{\"@type\":\"EntryPoint\",\"urlTemplate\":\"https:\\\/\\\/www.bodegasprotos.com\\\/es\\\/?s={search_term_string}\"},\"query-input\":{\"@type\":\"PropertyValueSpecification\",\"valueRequired\":true,\"valueName\":\"search_term_string\"}}],\"inLanguage\":\"es\"},{\"@type\":\"Organization\",\"@id\":\"https:\\\/\\\/www.bodegasprotos.com\\\/es\\\/#organization\",\"name\":\"Bodegas Protos\",\"url\":\"https:\\\/\\\/www.bodegasprotos.com\\\/es\\\/\",\"logo\":{\"@type\":\"ImageObject\",\"inLanguage\":\"es\",\"@id\":\"https:\\\/\\\/www.bodegasprotos.com\\\/es\\\/#\\\/schema\\\/logo\\\/image\\\/\",\"url\":\"https:\\\/\\\/www.bodegasprotos.com\\\/wp-content\\\/uploads\\\/2024\\\/06\\\/PROTOS-LOGOS-VERSIONES-13.png\",\"contentUrl\":\"https:\\\/\\\/www.bodegasprotos.com\\\/wp-content\\\/uploads\\\/2024\\\/06\\\/PROTOS-LOGOS-VERSIONES-13.png\",\"width\":2362,\"height\":2362,\"caption\":\"Bodegas Protos\"},\"image\":{\"@id\":\"https:\\\/\\\/www.bodegasprotos.com\\\/es\\\/#\\\/schema\\\/logo\\\/image\\\/\"},\"sameAs\":[\"https:\\\/\\\/www.facebook.com\\\/BodegasProtos\",\"https:\\\/\\\/x.com\\\/Bodegas_Protos\",\"https:\\\/\\\/www.instagram.com\\\/bodegasprotosoficial\\\/\",\"https:\\\/\\\/www.linkedin.com\\\/company\\\/bodegasprotos\\\/\",\"https:\\\/\\\/pinterest.com\\\/BodegasProtos\\\/\",\"http:\\\/\\\/www.youtube.com\\\/user\\\/BodegasProtos\",\"https:\\\/\\\/es.wikipedia.org\\\/wiki\\\/Bodegas_Protos\"]}]}<\/script>\n<!-- \/ Yoast SEO plugin. -->","yoast_head_json":{"title":"Proyectos Financiados - Bodegas Protos","description":"Creaci\u00f3n de un sistema de mejora continua en el departamento de mantenimiento. PROYECTO LEAN MANUFACTURING - EXPEDIENTE N\u00ba: 2021\/LEAN\/06 con t\u00edtulo","robots":{"index":"index","follow":"follow","max-snippet":"max-snippet:-1","max-image-preview":"max-image-preview:large","max-video-preview":"max-video-preview:-1"},"canonical":"https:\/\/www.bodegasprotos.com\/es\/proyectos-financiados\/","og_locale":"es_ES","og_type":"article","og_title":"Proyectos Financiados - Bodegas Protos","og_description":"Creaci\u00f3n de un sistema de mejora continua en el departamento de mantenimiento. PROYECTO LEAN MANUFACTURING - EXPEDIENTE N\u00ba: 2021\/LEAN\/06 con t\u00edtulo","og_url":"https:\/\/www.bodegasprotos.com\/es\/proyectos-financiados\/","og_site_name":"Bodegas Protos","article_publisher":"https:\/\/www.facebook.com\/BodegasProtos","article_modified_time":"2021-08-23T12:54:08+00:00","og_image":[{"url":"https:\/\/www.bodegasprotos.com\/wp-content\/uploads\/2020\/06\/junta-de-castilla-y-leon-300x185.jpg","type":"","width":"","height":""}],"twitter_card":"summary_large_image","twitter_site":"@Bodegas_Protos","twitter_misc":{"Tiempo de lectura":"3 minutos"},"schema":{"@context":"https:\/\/schema.org","@graph":[{"@type":"WebPage","@id":"https:\/\/www.bodegasprotos.com\/es\/proyectos-financiados\/","url":"https:\/\/www.bodegasprotos.com\/es\/proyectos-financiados\/","name":"Proyectos Financiados - Bodegas Protos","isPartOf":{"@id":"https:\/\/www.bodegasprotos.com\/es\/#website"},"primaryImageOfPage":{"@id":"https:\/\/www.bodegasprotos.com\/es\/proyectos-financiados\/#primaryimage"},"image":{"@id":"https:\/\/www.bodegasprotos.com\/es\/proyectos-financiados\/#primaryimage"},"thumbnailUrl":"https:\/\/www.bodegasprotos.com\/wp-content\/uploads\/2020\/06\/junta-de-castilla-y-leon-300x185.jpg","datePublished":"2020-06-16T11:18:35+00:00","dateModified":"2021-08-23T12:54:08+00:00","description":"Creaci\u00f3n de un sistema de mejora continua en el departamento de mantenimiento. PROYECTO LEAN MANUFACTURING - EXPEDIENTE N\u00ba: 2021\/LEAN\/06 con t\u00edtulo","breadcrumb":{"@id":"https:\/\/www.bodegasprotos.com\/es\/proyectos-financiados\/#breadcrumb"},"inLanguage":"es","potentialAction":[{"@type":"ReadAction","target":["https:\/\/www.bodegasprotos.com\/es\/proyectos-financiados\/"]}]},{"@type":"ImageObject","inLanguage":"es","@id":"https:\/\/www.bodegasprotos.com\/es\/proyectos-financiados\/#primaryimage","url":"https:\/\/www.bodegasprotos.com\/wp-content\/uploads\/2020\/06\/junta-de-castilla-y-leon-300x185.jpg","contentUrl":"https:\/\/www.bodegasprotos.com\/wp-content\/uploads\/2020\/06\/junta-de-castilla-y-leon-300x185.jpg"},{"@type":"BreadcrumbList","@id":"https:\/\/www.bodegasprotos.com\/es\/proyectos-financiados\/#breadcrumb","itemListElement":[{"@type":"ListItem","position":1,"name":"Portada","item":"https:\/\/www.bodegasprotos.com\/es\/"},{"@type":"ListItem","position":2,"name":"Proyectos Financiados"}]},{"@type":"WebSite","@id":"https:\/\/www.bodegasprotos.com\/es\/#website","url":"https:\/\/www.bodegasprotos.com\/es\/","name":"Bodegas Protos","description":"Vinos de la Denominaci\u00f3n de Origen Ribera del Duero, Rueda y Cigales","publisher":{"@id":"https:\/\/www.bodegasprotos.com\/es\/#organization"},"potentialAction":[{"@type":"SearchAction","target":{"@type":"EntryPoint","urlTemplate":"https:\/\/www.bodegasprotos.com\/es\/?s={search_term_string}"},"query-input":{"@type":"PropertyValueSpecification","valueRequired":true,"valueName":"search_term_string"}}],"inLanguage":"es"},{"@type":"Organization","@id":"https:\/\/www.bodegasprotos.com\/es\/#organization","name":"Bodegas Protos","url":"https:\/\/www.bodegasprotos.com\/es\/","logo":{"@type":"ImageObject","inLanguage":"es","@id":"https:\/\/www.bodegasprotos.com\/es\/#\/schema\/logo\/image\/","url":"https:\/\/www.bodegasprotos.com\/wp-content\/uploads\/2024\/06\/PROTOS-LOGOS-VERSIONES-13.png","contentUrl":"https:\/\/www.bodegasprotos.com\/wp-content\/uploads\/2024\/06\/PROTOS-LOGOS-VERSIONES-13.png","width":2362,"height":2362,"caption":"Bodegas Protos"},"image":{"@id":"https:\/\/www.bodegasprotos.com\/es\/#\/schema\/logo\/image\/"},"sameAs":["https:\/\/www.facebook.com\/BodegasProtos","https:\/\/x.com\/Bodegas_Protos","https:\/\/www.instagram.com\/bodegasprotosoficial\/","https:\/\/www.linkedin.com\/company\/bodegasprotos\/","https:\/\/pinterest.com\/BodegasProtos\/","http:\/\/www.youtube.com\/user\/BodegasProtos","https:\/\/es.wikipedia.org\/wiki\/Bodegas_Protos"]}]}},"_links":{"self":[{"href":"https:\/\/www.bodegasprotos.com\/es\/wp-json\/wp\/v2\/pages\/29400","targetHints":{"allow":["GET"]}}],"collection":[{"href":"https:\/\/www.bodegasprotos.com\/es\/wp-json\/wp\/v2\/pages"}],"about":[{"href":"https:\/\/www.bodegasprotos.com\/es\/wp-json\/wp\/v2\/types\/page"}],"author":[{"embeddable":true,"href":"https:\/\/www.bodegasprotos.com\/es\/wp-json\/wp\/v2\/users\/1"}],"replies":[{"embeddable":true,"href":"https:\/\/www.bodegasprotos.com\/es\/wp-json\/wp\/v2\/comments?post=29400"}],"version-history":[{"count":0,"href":"https:\/\/www.bodegasprotos.com\/es\/wp-json\/wp\/v2\/pages\/29400\/revisions"}],"wp:attachment":[{"href":"https:\/\/www.bodegasprotos.com\/es\/wp-json\/wp\/v2\/media?parent=29400"}],"curies":[{"name":"wp","href":"https:\/\/api.w.org\/{rel}","templated":true}]}}